{"id":35,"date":"2025-02-13T12:46:05","date_gmt":"2025-02-13T12:46:05","guid":{"rendered":"https:\/\/mmcarssanfulgencio3.rkinformatika.online\/?page_id=35"},"modified":"2025-02-21T16:39:55","modified_gmt":"2025-02-21T16:39:55","slug":"accesibilidad","status":"publish","type":"page","link":"https:\/\/mmcarssanfulgencio.es\/en\/accesibilidad\/","title":{"rendered":"Accessibility"},"content":{"rendered":"<div data-elementor-type=\"wp-page\" data-elementor-id=\"35\" class=\"elementor elementor-35\" data-elementor-post-type=\"page\">\n\t\t\t\t<div class=\"elementor-element elementor-element-2b393e78 e-flex e-con-boxed e-con e-parent\" data-id=\"2b393e78\" data-element_type=\"container\" data-e-type=\"container\">\n\t\t\t\t\t<div class=\"e-con-inner\">\n\t\t\t\t<div class=\"elementor-element elementor-element-6cc024eb elementor-widget elementor-widget-text-editor\" data-id=\"6cc024eb\" data-element_type=\"widget\" data-e-type=\"widget\" data-widget_type=\"text-editor.default\">\n\t\t\t\t<div class=\"elementor-widget-container\">\n\t\t\t\t\t\t\t\t\t<h1>ACCESIBILIDAD<\/h1>\n<p><b>M&amp;M CARS San Fulgencio,<\/b><b>\u00a0<\/b>\u00a0se ha comprometido a hacer accesible su sitio web, de conformidad con el\u00a0<a href=\"https:\/\/www.boe.es\/diario_boe\/txt.php?id=BOE-A-2018-12699\" target=\"_blank\" rel=\"noopener\">Real Decreto 1112\/2018, de 7 de septiembre, sobre accesibilidad de los sitios web y aplicaciones para dispositivos m\u00f3viles del sector p\u00fablico.<\/a><\/p>\n<p>La presente declaraci\u00f3n de accesibilidad se aplica al sitio web\u00a0<b>https:\/\/mmcarssanfulgencio.es<\/b><\/p>\n<p>Situaci\u00f3n de cumplimiento<\/p>\n<p>Este sitio web es parcialmente conforme con el\u00a0<a href=\"https:\/\/www.boe.es\/diario_boe\/txt.php?id=BOE-A-2018-12699\" target=\"_blank\" rel=\"noopener\">RD 1112\/2018<\/a>.<\/p>\n<h2>Preparaci\u00f3n para la siguiente declaraci\u00f3n de accesibilidad<\/h2>\n<p>La presente declaraci\u00f3n fue preparada el\u00a0<b>12 de Febrero de<\/b><b>\u00a02025.<\/b><\/p>\n<p>El m\u00e9todo empleado para preparar la declaraci\u00f3n ha sido una autoevaluaci\u00f3n llevada a cabo por el propio organismo.<\/p>\n<p>Observaciones y datos de contacto<\/p>\n<p>Puede realizar comunicaciones sobre requisitos de accesibilidad (art\u00edculo 10.2.a del RD 1112\/2018) como, por ejemplo:<\/p>\n<ul>\n<li>\n<p>Informar sobre cualquier posible incumplimiento por parte de este sitio web<\/p>\n<\/li>\n<li>\n<p>Transmitir otras dificultades de acceso al contenido<\/p>\n<\/li>\n<li>\n<p>Formular cualquier otra consulta o sugerencia de mejora relativa a la accesibilidad del sitio web<\/p>\n<\/li>\n<\/ul>\n<p>a trav\u00e9s del\u00a0formulario de contacto de este sitio web o a trav\u00e9s del n\u00famero de tel\u00e9fono\u00a0<b>(+34)\u00a0<\/b><b>697 374 303<\/b><b>.<\/b><\/p>\n<p>Puede presentar:<\/p>\n<ul>\n<li>\n<p>Queja relativa al cumplimiento de los requisitos del RD 1112\/2018 o<\/p>\n<\/li>\n<li>\n<p>Solicitud de Informaci\u00f3n accesible relativa a:<\/p>\n<ul>\n<li>\n<p>Contenidos que est\u00e1n excluidos del \u00e1mbito de aplicaci\u00f3n del RD 1112\/2018 seg\u00fan lo establecido por el art\u00edculo 3, apartado 4<\/p>\n<\/li>\n<li>\n<p>Contenidos que est\u00e1n exentos del cumplimiento de los requisitos de accesibilidad por imponer una carga desproporcionada<\/p>\n<\/li>\n<\/ul>\n<\/li>\n<\/ul>\n<p>En la Solicitud de informaci\u00f3n accesible, se debe concretar, con toda claridad, los hechos, razones y petici\u00f3n que permitan constatar que se trata de una solicitud razonable y leg\u00edtima.<\/p>\n<p>Las quejas y reclamaciones sobre informaci\u00f3n accesible se realizar\u00e1n a trav\u00e9s de la sede electr\u00f3nica (<b>https:\/\/mmcarssanfulgencio.es<\/b><b>\/contacto\/<\/b>), y ser\u00e1n recibidas y tratadas por el \u00e1rea de Sistemas de la Informaci\u00f3n de\u00a0<b>M&amp;M CARS San Fulgencio,<\/b><b>.<\/b><\/p>\n<h2>Contenido opcional<\/h2>\n<p>Este portal est\u00e1 dise\u00f1ado para poder cambiar el tama\u00f1o del texto y el color, as\u00ed como el fondo de la p\u00e1gina mediante las opciones de configuraci\u00f3n est\u00e1ndar de los navegadores.<\/p>\n<p>Si desea cambiar el tama\u00f1o de letra del texto en los principales navegadores gr\u00e1ficos utilice los siguientes men\u00fas:<\/p>\n<ul>\n<li>\n<p>Internet Explorer, Mozilla y Firefox: Ver &gt; Tama\u00f1o del texto<\/p>\n<\/li>\n<li>\n<p>Opera: Ver &gt; Zoom<\/p>\n<\/li>\n<li>\n<p>Safari: Ver &gt; Hacer el texto m\u00e1s grande<\/p>\n<\/li>\n<li>\n<p>Chrome: Controla la p\u00e1gina actual &gt; Tama\u00f1o del texto<\/p>\n<\/li>\n<li>\n<p>Para modificar el tama\u00f1o de todo en la p\u00e1gina:<\/p>\n<ul>\n<li>\n<p>Ctrl + + para aumentarlo<\/p>\n<\/li>\n<li>\n<p>Ctrl + \u2013 para disminuirlo<\/p>\n<\/li>\n<li>\n<p>Ctrl + 0 restaura el tama\u00f1o original del texto<\/p>\n<\/li>\n<li>\n<p>Si lo que quiere es anular la hoja de estilos o modificar el color del texto, puede consultar la p\u00e1gina\u00a0<span lang=\"en-US\">How to Change Text Size or Colors de la WAI<\/span>, que se puede leer traducida al espa\u00f1ol en \u00bfC\u00f3mo cambiar el tama\u00f1o del texto o colores?<\/p>\n<\/li>\n<\/ul>\n<\/li>\n<\/ul>\t\t\t\t\t\t\t\t<\/div>\n\t\t\t\t<\/div>\n\t\t\t\t\t<\/div>\n\t\t\t\t<\/div>\n\t\t<div class=\"elementor-element elementor-element-65385f7 e-flex e-con-boxed e-con e-parent\" data-id=\"65385f7\" data-element_type=\"container\" data-e-type=\"container\" data-settings=\"{&quot;background_background&quot;:&quot;classic&quot;}\">\n\t\t\t\t\t<div class=\"e-con-inner\">\n\t\t<div class=\"elementor-element elementor-element-84c006c e-con-full e-flex e-con e-child\" data-id=\"84c006c\" data-element_type=\"container\" data-e-type=\"container\">\n\t\t\t\t<div class=\"elementor-element elementor-element-04fef5c elementor-widget elementor-widget-heading\" data-id=\"04fef5c\" data-element_type=\"widget\" data-e-type=\"widget\" data-widget_type=\"heading.default\">\n\t\t\t\t<div class=\"elementor-widget-container\">\n\t\t\t\t\t<h2 class=\"elementor-heading-title elementor-size-default\">Pol\u00edtica<\/h2>\t\t\t\t<\/div>\n\t\t\t\t<\/div>\n\t\t\t\t<div class=\"elementor-element elementor-element-eaa662d elementor-nav-menu--dropdown-none elementor-widget elementor-widget-nav-menu\" data-id=\"eaa662d\" data-element_type=\"widget\" data-e-type=\"widget\" data-settings=\"{&quot;layout&quot;:&quot;vertical&quot;,&quot;submenu_icon&quot;:{&quot;value&quot;:&quot;&lt;svg aria-hidden=\\&quot;true\\&quot; class=\\&quot;e-font-icon-svg e-fas-caret-down\\&quot; viewBox=\\&quot;0 0 320 512\\&quot; xmlns=\\&quot;http:\\\/\\\/www.w3.org\\\/2000\\\/svg\\&quot;&gt;&lt;path d=\\&quot;M31.3 192h257.3c17.8 0 26.7 21.5 14.1 34.1L174.1 354.8c-7.8 7.8-20.5 7.8-28.3 0L17.2 226.1C4.6 213.5 13.5 192 31.3 192z\\&quot;&gt;&lt;\\\/path&gt;&lt;\\\/svg&gt;&quot;,&quot;library&quot;:&quot;fa-solid&quot;}}\" data-widget_type=\"nav-menu.default\">\n\t\t\t\t<div class=\"elementor-widget-container\">\n\t\t\t\t\t\t\t\t<nav aria-label=\"Menu\" class=\"elementor-nav-menu--main elementor-nav-menu__container elementor-nav-menu--layout-vertical e--pointer-underline e--animation-fade\">\n\t\t\t\t<ul id=\"menu-1-eaa662d\" class=\"elementor-nav-menu sm-vertical\"><li class=\"menu-item menu-item-type-post_type menu-item-object-page menu-item-41\"><a href=\"https:\/\/mmcarssanfulgencio.es\/en\/accesibilidad\/\" class=\"elementor-item\">Accessibility<\/a><\/li>\n<li class=\"menu-item menu-item-type-post_type menu-item-object-page menu-item-42\"><a href=\"https:\/\/mmcarssanfulgencio.es\/en\/aviso-legal\/\" class=\"elementor-item\">Legal Notice<\/a><\/li>\n<li class=\"menu-item menu-item-type-post_type menu-item-object-page menu-item-privacy-policy menu-item-40\"><a rel=\"privacy-policy\" href=\"https:\/\/mmcarssanfulgencio.es\/en\/politicas-de-cookies\/\" class=\"elementor-item\">Cookie Policy<\/a><\/li>\n<\/ul>\t\t\t<\/nav>\n\t\t\t\t\t\t<nav class=\"elementor-nav-menu--dropdown elementor-nav-menu__container\" aria-hidden=\"true\">\n\t\t\t\t<ul id=\"menu-2-eaa662d\" class=\"elementor-nav-menu sm-vertical\"><li class=\"menu-item menu-item-type-post_type menu-item-object-page menu-item-41\"><a href=\"https:\/\/mmcarssanfulgencio.es\/en\/accesibilidad\/\" class=\"elementor-item\" tabindex=\"-1\">Accessibility<\/a><\/li>\n<li class=\"menu-item menu-item-type-post_type menu-item-object-page menu-item-42\"><a href=\"https:\/\/mmcarssanfulgencio.es\/en\/aviso-legal\/\" class=\"elementor-item\" tabindex=\"-1\">Legal Notice<\/a><\/li>\n<li class=\"menu-item menu-item-type-post_type menu-item-object-page menu-item-privacy-policy menu-item-40\"><a rel=\"privacy-policy\" href=\"https:\/\/mmcarssanfulgencio.es\/en\/politicas-de-cookies\/\" class=\"elementor-item\" tabindex=\"-1\">Cookie Policy<\/a><\/li>\n<\/ul>\t\t\t<\/nav>\n\t\t\t\t\t\t<\/div>\n\t\t\t\t<\/div>\n\t\t\t\t<\/div>\n\t\t<div class=\"elementor-element elementor-element-48a9a34 e-con-full e-flex e-con e-child\" data-id=\"48a9a34\" data-element_type=\"container\" data-e-type=\"container\">\n\t\t\t\t<div class=\"elementor-element elementor-element-3588d52 elementor-widget elementor-widget-heading\" data-id=\"3588d52\" data-element_type=\"widget\" data-e-type=\"widget\" data-widget_type=\"heading.default\">\n\t\t\t\t<div class=\"elementor-widget-container\">\n\t\t\t\t\t<h2 class=\"elementor-heading-title elementor-size-default\">Contact<\/h2>\t\t\t\t<\/div>\n\t\t\t\t<\/div>\n\t\t\t\t<div class=\"elementor-element elementor-element-c6102b7 elementor-icon-list--layout-traditional elementor-list-item-link-full_width elementor-widget elementor-widget-icon-list\" data-id=\"c6102b7\" data-element_type=\"widget\" data-e-type=\"widget\" data-widget_type=\"icon-list.default\">\n\t\t\t\t<div class=\"elementor-widget-container\">\n\t\t\t\t\t\t\t<ul class=\"elementor-icon-list-items\">\n\t\t\t\t\t\t\t<li class=\"elementor-icon-list-item\">\n\t\t\t\t\t\t\t\t\t\t\t<a href=\"tel:%20697%20374%20303\">\n\n\t\t\t\t\t\t\t\t\t\t\t\t<span class=\"elementor-icon-list-icon\">\n\t\t\t\t\t\t\t<svg aria-hidden=\"true\" class=\"e-font-icon-svg e-fas-phone-alt\" viewbox=\"0 0 512 512\" xmlns=\"http:\/\/www.w3.org\/2000\/svg\"><path d=\"M497.39 361.8l-112-48a24 24 0 0 0-28 6.9l-49.6 60.6A370.66 370.66 0 0 1 130.6 204.11l60.6-49.6a23.94 23.94 0 0 0 6.9-28l-48-112A24.16 24.16 0 0 0 122.6.61l-104 24A24 24 0 0 0 0 48c0 256.5 207.9 464 464 464a24 24 0 0 0 23.4-18.6l24-104a24.29 24.29 0 0 0-14.01-27.6z\"><\/path><\/svg>\t\t\t\t\t\t<\/span>\n\t\t\t\t\t\t\t\t\t\t<span class=\"elementor-icon-list-text\">+34 697 374 303<\/span>\n\t\t\t\t\t\t\t\t\t\t\t<\/a>\n\t\t\t\t\t\t\t\t\t<\/li>\n\t\t\t\t\t\t\t\t<li class=\"elementor-icon-list-item\">\n\t\t\t\t\t\t\t\t\t\t\t<a href=\"mailto:%20mmcars2024momo@hotmail.com\">\n\n\t\t\t\t\t\t\t\t\t\t\t\t<span class=\"elementor-icon-list-icon\">\n\t\t\t\t\t\t\t<svg aria-hidden=\"true\" class=\"e-font-icon-svg e-fas-envelope\" viewbox=\"0 0 512 512\" xmlns=\"http:\/\/www.w3.org\/2000\/svg\"><path d=\"M502.3 190.8c3.9-3.1 9.7-.2 9.7 4.7V400c0 26.5-21.5 48-48 48H48c-26.5 0-48-21.5-48-48V195.6c0-5 5.7-7.8 9.7-4.7 22.4 17.4 52.1 39.5 154.1 113.6 21.1 15.4 56.7 47.8 92.2 47.6 35.7.3 72-32.8 92.3-47.6 102-74.1 131.6-96.3 154-113.7zM256 320c23.2.4 56.6-29.2 73.4-41.4 132.7-96.3 142.8-104.7 173.4-128.7 5.8-4.5 9.2-11.5 9.2-18.9v-19c0-26.5-21.5-48-48-48H48C21.5 64 0 85.5 0 112v19c0 7.4 3.4 14.3 9.2 18.9 30.6 23.9 40.7 32.4 173.4 128.7 16.8 12.2 50.2 41.8 73.4 41.4z\"><\/path><\/svg>\t\t\t\t\t\t<\/span>\n\t\t\t\t\t\t\t\t\t\t<span class=\"elementor-icon-list-text\">mmcars2024momo@hotmail.com<\/span>\n\t\t\t\t\t\t\t\t\t\t\t<\/a>\n\t\t\t\t\t\t\t\t\t<\/li>\n\t\t\t\t\t\t\t\t<li class=\"elementor-icon-list-item\">\n\t\t\t\t\t\t\t\t\t\t\t<a href=\"https:\/\/maps.google.com\/?q=38.116390,-0.697574\">\n\n\t\t\t\t\t\t\t\t\t\t\t\t<span class=\"elementor-icon-list-icon\">\n\t\t\t\t\t\t\t<svg aria-hidden=\"true\" class=\"e-font-icon-svg e-fas-map-marker-alt\" viewbox=\"0 0 384 512\" xmlns=\"http:\/\/www.w3.org\/2000\/svg\"><path d=\"M172.268 501.67C26.97 291.031 0 269.413 0 192 0 85.961 85.961 0 192 0s192 85.961 192 192c0 77.413-26.97 99.031-172.268 309.67-9.535 13.774-29.93 13.773-39.464 0zM192 272c44.183 0 80-35.817 80-80s-35.817-80-80-80-80 35.817-80 80 35.817 80 80 80z\"><\/path><\/svg>\t\t\t\t\t\t<\/span>\n\t\t\t\t\t\t\t\t\t\t<span class=\"elementor-icon-list-text\">Poligono Industrial lo Mora, C\/ Isla de Mallorca, 1, Nave 8 03170 San Fulgencio, Alicante<\/span>\n\t\t\t\t\t\t\t\t\t\t\t<\/a>\n\t\t\t\t\t\t\t\t\t<\/li>\n\t\t\t\t\t\t<\/ul>\n\t\t\t\t\t\t<\/div>\n\t\t\t\t<\/div>\n\t\t\t\t<\/div>\n\t\t<div class=\"elementor-element elementor-element-16624dc e-con-full e-flex e-con e-child\" data-id=\"16624dc\" data-element_type=\"container\" data-e-type=\"container\">\n\t\t\t\t<div class=\"elementor-element elementor-element-9e524e9 elementor-widget elementor-widget-image\" data-id=\"9e524e9\" data-element_type=\"widget\" data-e-type=\"widget\" data-widget_type=\"image.default\">\n\t\t\t\t<div class=\"elementor-widget-container\">\n\t\t\t\t\t\t\t\t\t\t\t\t\t\t\t<img fetchpriority=\"high\" decoding=\"async\" width=\"800\" height=\"91\" src=\"https:\/\/mmcarssanfulgencio.es\/wp-content\/uploads\/2025\/02\/Kit-Digital-Logos-Blanco-1024x117.png\" class=\"attachment-large size-large wp-image-137\" alt=\"\" srcset=\"https:\/\/mmcarssanfulgencio.es\/wp-content\/uploads\/2025\/02\/Kit-Digital-Logos-Blanco-1024x117.png 1024w, https:\/\/mmcarssanfulgencio.es\/wp-content\/uploads\/2025\/02\/Kit-Digital-Logos-Blanco-300x34.png 300w, https:\/\/mmcarssanfulgencio.es\/wp-content\/uploads\/2025\/02\/Kit-Digital-Logos-Blanco-768x88.png 768w, https:\/\/mmcarssanfulgencio.es\/wp-content\/uploads\/2025\/02\/Kit-Digital-Logos-Blanco-1536x176.png 1536w, https:\/\/mmcarssanfulgencio.es\/wp-content\/uploads\/2025\/02\/Kit-Digital-Logos-Blanco-2048x235.png 2048w, https:\/\/mmcarssanfulgencio.es\/wp-content\/uploads\/2025\/02\/Kit-Digital-Logos-Blanco-18x2.png 18w\" sizes=\"(max-width: 800px) 100vw, 800px\" \/>\t\t\t\t\t\t\t\t\t\t\t\t\t\t\t<\/div>\n\t\t\t\t<\/div>\n\t\t\t\t<div class=\"elementor-element elementor-element-ecb81ec elementor-widget elementor-widget-heading\" data-id=\"ecb81ec\" data-element_type=\"widget\" data-e-type=\"widget\" data-widget_type=\"heading.default\">\n\t\t\t\t<div class=\"elementor-widget-container\">\n\t\t\t\t\t<h2 class=\"elementor-heading-title elementor-size-default\"><a href=\"https:\/\/rkinformatika.es\/\">Design by RK Informatika<\/a><\/h2>\t\t\t\t<\/div>\n\t\t\t\t<\/div>\n\t\t\t\t<\/div>\n\t\t\t\t\t<\/div>\n\t\t\t\t<\/div>\n\t\t\t\t<\/div>","protected":false},"excerpt":{"rendered":"<p>ACCESIBILIDAD M&amp;M CARS San Fulgencio\u00a0\u00a0se ha comprometido a hacer accesible su sitio web, de conformidad con el\u00a0Real Decreto 1112\/2018, de 7 de septiembre, sobre accesibilidad de los sitios web y aplicaciones para dispositivos m\u00f3viles del sector p\u00fablico. La presente declaraci\u00f3n de accesibilidad se aplica al sitio web\u00a0https:\/\/mmcarssanfulgencio.es Situaci\u00f3n de cumplimiento Este sitio web es parcialmente [&hellip;]<\/p>\n","protected":false},"author":1,"featured_media":0,"parent":0,"menu_order":0,"comment_status":"closed","ping_status":"closed","template":"elementor_canvas","meta":{"footnotes":""},"class_list":["post-35","page","type-page","status-publish","hentry"],"yoast_head":"<!-- This site is optimized with the Yoast SEO plugin v27.3 - https:\/\/yoast.com\/product\/yoast-seo-wordpress\/ -->\n<title>Accesibilidad - MMCars San Fulgencio<\/title>\n<meta name=\"robots\" content=\"index, follow, max-snippet:-1, max-image-preview:large, max-video-preview:-1\" \/>\n<link rel=\"canonical\" href=\"https:\/\/mmcarssanfulgencio.es\/en\/accesibilidad\/\" \/>\n<meta property=\"og:locale\" content=\"en_GB\" \/>\n<meta property=\"og:type\" content=\"article\" \/>\n<meta property=\"og:title\" content=\"Accesibilidad - MMCars San Fulgencio\" \/>\n<meta property=\"og:description\" content=\"ACCESIBILIDAD M&amp;M CARS San Fulgencio\u00a0\u00a0se ha comprometido a hacer accesible su sitio web, de conformidad con el\u00a0Real Decreto 1112\/2018, de 7 de septiembre, sobre accesibilidad de los sitios web y aplicaciones para dispositivos m\u00f3viles del sector p\u00fablico. La presente declaraci\u00f3n de accesibilidad se aplica al sitio web\u00a0https:\/\/mmcarssanfulgencio.es Situaci\u00f3n de cumplimiento Este sitio web es parcialmente [&hellip;]\" \/>\n<meta property=\"og:url\" content=\"https:\/\/mmcarssanfulgencio.es\/en\/accesibilidad\/\" \/>\n<meta property=\"og:site_name\" content=\"MMCars San Fulgencio\" \/>\n<meta property=\"article:modified_time\" content=\"2025-02-21T16:39:55+00:00\" \/>\n<meta property=\"og:image\" content=\"https:\/\/mmcarssanfulgencio.es\/wp-content\/uploads\/2025\/02\/Kit-Digital-Logos-Blanco.png\" \/>\n\t<meta property=\"og:image:width\" content=\"5075\" \/>\n\t<meta property=\"og:image:height\" content=\"582\" \/>\n\t<meta property=\"og:image:type\" content=\"image\/png\" \/>\n<meta name=\"twitter:card\" content=\"summary_large_image\" \/>\n<meta name=\"twitter:label1\" content=\"Estimated reading time\" \/>\n\t<meta name=\"twitter:data1\" content=\"3 minutes\" \/>\n<script type=\"application\/ld+json\" class=\"yoast-schema-graph\">{\"@context\":\"https:\\\/\\\/schema.org\",\"@graph\":[{\"@type\":\"WebPage\",\"@id\":\"https:\\\/\\\/mmcarssanfulgencio.es\\\/accesibilidad\\\/\",\"url\":\"https:\\\/\\\/mmcarssanfulgencio.es\\\/accesibilidad\\\/\",\"name\":\"Accesibilidad - MMCars San Fulgencio\",\"isPartOf\":{\"@id\":\"https:\\\/\\\/mmcarssanfulgencio.es\\\/#website\"},\"primaryImageOfPage\":{\"@id\":\"https:\\\/\\\/mmcarssanfulgencio.es\\\/accesibilidad\\\/#primaryimage\"},\"image\":{\"@id\":\"https:\\\/\\\/mmcarssanfulgencio.es\\\/accesibilidad\\\/#primaryimage\"},\"thumbnailUrl\":\"https:\\\/\\\/mmcarssanfulgencio.es\\\/wp-content\\\/uploads\\\/2025\\\/02\\\/Kit-Digital-Logos-Blanco-1024x117.png\",\"datePublished\":\"2025-02-13T12:46:05+00:00\",\"dateModified\":\"2025-02-21T16:39:55+00:00\",\"breadcrumb\":{\"@id\":\"https:\\\/\\\/mmcarssanfulgencio.es\\\/accesibilidad\\\/#breadcrumb\"},\"inLanguage\":\"en-GB\",\"potentialAction\":[{\"@type\":\"ReadAction\",\"target\":[\"https:\\\/\\\/mmcarssanfulgencio.es\\\/accesibilidad\\\/\"]}]},{\"@type\":\"ImageObject\",\"inLanguage\":\"en-GB\",\"@id\":\"https:\\\/\\\/mmcarssanfulgencio.es\\\/accesibilidad\\\/#primaryimage\",\"url\":\"https:\\\/\\\/mmcarssanfulgencio.es\\\/wp-content\\\/uploads\\\/2025\\\/02\\\/Kit-Digital-Logos-Blanco-1024x117.png\",\"contentUrl\":\"https:\\\/\\\/mmcarssanfulgencio.es\\\/wp-content\\\/uploads\\\/2025\\\/02\\\/Kit-Digital-Logos-Blanco-1024x117.png\"},{\"@type\":\"BreadcrumbList\",\"@id\":\"https:\\\/\\\/mmcarssanfulgencio.es\\\/accesibilidad\\\/#breadcrumb\",\"itemListElement\":[{\"@type\":\"ListItem\",\"position\":1,\"name\":\"Portada\",\"item\":\"https:\\\/\\\/mmcarssanfulgencio.es\\\/\"},{\"@type\":\"ListItem\",\"position\":2,\"name\":\"Accesibilidad\"}]},{\"@type\":\"WebSite\",\"@id\":\"https:\\\/\\\/mmcarssanfulgencio.es\\\/#website\",\"url\":\"https:\\\/\\\/mmcarssanfulgencio.es\\\/\",\"name\":\"MMCars San Fulgencio\",\"description\":\"Compra venta de veh\u00edculos\",\"publisher\":{\"@id\":\"https:\\\/\\\/mmcarssanfulgencio.es\\\/#organization\"},\"potentialAction\":[{\"@type\":\"SearchAction\",\"target\":{\"@type\":\"EntryPoint\",\"urlTemplate\":\"https:\\\/\\\/mmcarssanfulgencio.es\\\/?s={search_term_string}\"},\"query-input\":{\"@type\":\"PropertyValueSpecification\",\"valueRequired\":true,\"valueName\":\"search_term_string\"}}],\"inLanguage\":\"en-GB\"},{\"@type\":\"Organization\",\"@id\":\"https:\\\/\\\/mmcarssanfulgencio.es\\\/#organization\",\"name\":\"MMCars San Fulgencio\",\"url\":\"https:\\\/\\\/mmcarssanfulgencio.es\\\/\",\"logo\":{\"@type\":\"ImageObject\",\"inLanguage\":\"en-GB\",\"@id\":\"https:\\\/\\\/mmcarssanfulgencio.es\\\/#\\\/schema\\\/logo\\\/image\\\/\",\"url\":\"https:\\\/\\\/mmcarssanfulgencio.es\\\/wp-content\\\/uploads\\\/2025\\\/02\\\/cropped-MM-Cars-3.png\",\"contentUrl\":\"https:\\\/\\\/mmcarssanfulgencio.es\\\/wp-content\\\/uploads\\\/2025\\\/02\\\/cropped-MM-Cars-3.png\",\"width\":500,\"height\":152,\"caption\":\"MMCars San Fulgencio\"},\"image\":{\"@id\":\"https:\\\/\\\/mmcarssanfulgencio.es\\\/#\\\/schema\\\/logo\\\/image\\\/\"}}]}<\/script>\n<!-- \/ Yoast SEO plugin. -->","yoast_head_json":{"title":"Accesibilidad - MMCars San Fulgencio","robots":{"index":"index","follow":"follow","max-snippet":"max-snippet:-1","max-image-preview":"max-image-preview:large","max-video-preview":"max-video-preview:-1"},"canonical":"https:\/\/mmcarssanfulgencio.es\/en\/accesibilidad\/","og_locale":"en_GB","og_type":"article","og_title":"Accesibilidad - MMCars San Fulgencio","og_description":"ACCESIBILIDAD M&amp;M CARS San Fulgencio\u00a0\u00a0se ha comprometido a hacer accesible su sitio web, de conformidad con el\u00a0Real Decreto 1112\/2018, de 7 de septiembre, sobre accesibilidad de los sitios web y aplicaciones para dispositivos m\u00f3viles del sector p\u00fablico. La presente declaraci\u00f3n de accesibilidad se aplica al sitio web\u00a0https:\/\/mmcarssanfulgencio.es Situaci\u00f3n de cumplimiento Este sitio web es parcialmente [&hellip;]","og_url":"https:\/\/mmcarssanfulgencio.es\/en\/accesibilidad\/","og_site_name":"MMCars San Fulgencio","article_modified_time":"2025-02-21T16:39:55+00:00","og_image":[{"width":5075,"height":582,"url":"https:\/\/mmcarssanfulgencio.es\/wp-content\/uploads\/2025\/02\/Kit-Digital-Logos-Blanco.png","type":"image\/png"}],"twitter_card":"summary_large_image","twitter_misc":{"Estimated reading time":"3 minutes"},"schema":{"@context":"https:\/\/schema.org","@graph":[{"@type":"WebPage","@id":"https:\/\/mmcarssanfulgencio.es\/accesibilidad\/","url":"https:\/\/mmcarssanfulgencio.es\/accesibilidad\/","name":"Accesibilidad - MMCars San Fulgencio","isPartOf":{"@id":"https:\/\/mmcarssanfulgencio.es\/#website"},"primaryImageOfPage":{"@id":"https:\/\/mmcarssanfulgencio.es\/accesibilidad\/#primaryimage"},"image":{"@id":"https:\/\/mmcarssanfulgencio.es\/accesibilidad\/#primaryimage"},"thumbnailUrl":"https:\/\/mmcarssanfulgencio.es\/wp-content\/uploads\/2025\/02\/Kit-Digital-Logos-Blanco-1024x117.png","datePublished":"2025-02-13T12:46:05+00:00","dateModified":"2025-02-21T16:39:55+00:00","breadcrumb":{"@id":"https:\/\/mmcarssanfulgencio.es\/accesibilidad\/#breadcrumb"},"inLanguage":"en-GB","potentialAction":[{"@type":"ReadAction","target":["https:\/\/mmcarssanfulgencio.es\/accesibilidad\/"]}]},{"@type":"ImageObject","inLanguage":"en-GB","@id":"https:\/\/mmcarssanfulgencio.es\/accesibilidad\/#primaryimage","url":"https:\/\/mmcarssanfulgencio.es\/wp-content\/uploads\/2025\/02\/Kit-Digital-Logos-Blanco-1024x117.png","contentUrl":"https:\/\/mmcarssanfulgencio.es\/wp-content\/uploads\/2025\/02\/Kit-Digital-Logos-Blanco-1024x117.png"},{"@type":"BreadcrumbList","@id":"https:\/\/mmcarssanfulgencio.es\/accesibilidad\/#breadcrumb","itemListElement":[{"@type":"ListItem","position":1,"name":"Portada","item":"https:\/\/mmcarssanfulgencio.es\/"},{"@type":"ListItem","position":2,"name":"Accesibilidad"}]},{"@type":"WebSite","@id":"https:\/\/mmcarssanfulgencio.es\/#website","url":"https:\/\/mmcarssanfulgencio.es\/","name":"MMCars San Fulgencio","description":"Compra venta de veh\u00edculos","publisher":{"@id":"https:\/\/mmcarssanfulgencio.es\/#organization"},"potentialAction":[{"@type":"SearchAction","target":{"@type":"EntryPoint","urlTemplate":"https:\/\/mmcarssanfulgencio.es\/?s={search_term_string}"},"query-input":{"@type":"PropertyValueSpecification","valueRequired":true,"valueName":"search_term_string"}}],"inLanguage":"en-GB"},{"@type":"Organization","@id":"https:\/\/mmcarssanfulgencio.es\/#organization","name":"MMCars San Fulgencio","url":"https:\/\/mmcarssanfulgencio.es\/","logo":{"@type":"ImageObject","inLanguage":"en-GB","@id":"https:\/\/mmcarssanfulgencio.es\/#\/schema\/logo\/image\/","url":"https:\/\/mmcarssanfulgencio.es\/wp-content\/uploads\/2025\/02\/cropped-MM-Cars-3.png","contentUrl":"https:\/\/mmcarssanfulgencio.es\/wp-content\/uploads\/2025\/02\/cropped-MM-Cars-3.png","width":500,"height":152,"caption":"MMCars San Fulgencio"},"image":{"@id":"https:\/\/mmcarssanfulgencio.es\/#\/schema\/logo\/image\/"}}]}},"_links":{"self":[{"href":"https:\/\/mmcarssanfulgencio.es\/en\/wp-json\/wp\/v2\/pages\/35","targetHints":{"allow":["GET"]}}],"collection":[{"href":"https:\/\/mmcarssanfulgencio.es\/en\/wp-json\/wp\/v2\/pages"}],"about":[{"href":"https:\/\/mmcarssanfulgencio.es\/en\/wp-json\/wp\/v2\/types\/page"}],"author":[{"embeddable":true,"href":"https:\/\/mmcarssanfulgencio.es\/en\/wp-json\/wp\/v2\/users\/1"}],"replies":[{"embeddable":true,"href":"https:\/\/mmcarssanfulgencio.es\/en\/wp-json\/wp\/v2\/comments?post=35"}],"version-history":[{"count":7,"href":"https:\/\/mmcarssanfulgencio.es\/en\/wp-json\/wp\/v2\/pages\/35\/revisions"}],"predecessor-version":[{"id":648,"href":"https:\/\/mmcarssanfulgencio.es\/en\/wp-json\/wp\/v2\/pages\/35\/revisions\/648"}],"wp:attachment":[{"href":"https:\/\/mmcarssanfulgencio.es\/en\/wp-json\/wp\/v2\/media?parent=35"}],"curies":[{"name":"wp","href":"https:\/\/api.w.org\/{rel}","templated":true}]}}