{"id":83,"date":"2025-02-13T13:45:21","date_gmt":"2025-02-13T13:45:21","guid":{"rendered":"https:\/\/mmcarssanfulgencio3.rkinformatika.online\/?page_id=83"},"modified":"2025-02-26T14:19:30","modified_gmt":"2025-02-26T14:19:30","slug":"inicio","status":"publish","type":"page","link":"https:\/\/mmcarssanfulgencio.es\/en\/","title":{"rendered":"Home"},"content":{"rendered":"<div data-elementor-type=\"wp-page\" data-elementor-id=\"83\" class=\"elementor elementor-83\" data-elementor-post-type=\"page\">\n\t\t\t\t\t\t<section class=\"elementor-section elementor-top-section elementor-element elementor-element-f3b3d7b elementor-section-full_width elementor-section-height-default elementor-section-height-default\" data-id=\"f3b3d7b\" data-element_type=\"section\" data-e-type=\"section\" data-settings=\"{&quot;background_background&quot;:&quot;classic&quot;}\">\n\t\t\t\t\t\t\t<div class=\"elementor-background-overlay\"><\/div>\n\t\t\t\t\t\t\t<div class=\"elementor-container elementor-column-gap-default\">\n\t\t\t\t\t<div class=\"elementor-column elementor-col-100 elementor-top-column elementor-element elementor-element-f620f2c\" data-id=\"f620f2c\" data-element_type=\"column\" data-e-type=\"column\">\n\t\t\t<div class=\"elementor-widget-wrap elementor-element-populated\">\n\t\t\t\t\t\t<div class=\"elementor-element elementor-element-70d842e elementor-invisible elementor-widget elementor-widget-heading\" data-id=\"70d842e\" data-element_type=\"widget\" data-e-type=\"widget\" data-settings=\"{&quot;_animation&quot;:&quot;fadeInLeft&quot;}\" data-widget_type=\"heading.default\">\n\t\t\t\t<div class=\"elementor-widget-container\">\n\t\t\t\t\t<h2 class=\"elementor-heading-title elementor-size-default\">WELCOME TO M&amp;M CARS SAN FULGENCIO<\/h2>\t\t\t\t<\/div>\n\t\t\t\t<\/div>\n\t\t\t\t<div class=\"elementor-element elementor-element-9ce8703 elementor-invisible elementor-widget elementor-widget-heading\" data-id=\"9ce8703\" data-element_type=\"widget\" data-e-type=\"widget\" data-settings=\"{&quot;_animation&quot;:&quot;fadeInLeft&quot;,&quot;_animation_delay&quot;:300}\" data-widget_type=\"heading.default\">\n\t\t\t\t<div class=\"elementor-widget-container\">\n\t\t\t\t\t<h2 class=\"elementor-heading-title elementor-size-default\">Renew your car today<\/h2>\t\t\t\t<\/div>\n\t\t\t\t<\/div>\n\t\t\t\t<div class=\"elementor-element elementor-element-a4e1149 elementor-invisible elementor-widget elementor-widget-heading\" data-id=\"a4e1149\" data-element_type=\"widget\" data-e-type=\"widget\" data-settings=\"{&quot;_animation&quot;:&quot;fadeInRight&quot;,&quot;_animation_delay&quot;:600}\" data-widget_type=\"heading.default\">\n\t\t\t\t<div class=\"elementor-widget-container\">\n\t\t\t\t\t<h2 class=\"elementor-heading-title elementor-size-default\">Buy with confidence<\/h2>\t\t\t\t<\/div>\n\t\t\t\t<\/div>\n\t\t\t\t\t<\/div>\n\t\t<\/div>\n\t\t\t\t\t<\/div>\n\t\t<\/section>\n\t\t<div class=\"elementor-element elementor-element-a6515af e-flex e-con-boxed e-con e-parent\" data-id=\"a6515af\" data-element_type=\"container\" data-e-type=\"container\">\n\t\t\t\t\t<div class=\"e-con-inner\">\n\t\t<div class=\"elementor-element elementor-element-c3d7dd2 e-con-full e-flex e-con e-child\" data-id=\"c3d7dd2\" data-element_type=\"container\" data-e-type=\"container\">\n\t\t\t\t<div class=\"elementor-element elementor-element-7f0d3ca elementor-widget elementor-widget-heading\" data-id=\"7f0d3ca\" data-element_type=\"widget\" data-e-type=\"widget\" data-widget_type=\"heading.default\">\n\t\t\t\t<div class=\"elementor-widget-container\">\n\t\t\t\t\t<h2 class=\"elementor-heading-title elementor-size-default\">About Us<\/h2>\t\t\t\t<\/div>\n\t\t\t\t<\/div>\n\t\t\t\t<div class=\"elementor-element elementor-element-f3b5f7f elementor-widget elementor-widget-heading\" data-id=\"f3b5f7f\" data-element_type=\"widget\" data-e-type=\"widget\" data-widget_type=\"heading.default\">\n\t\t\t\t<div class=\"elementor-widget-container\">\n\t\t\t\t\t<h2 class=\"elementor-heading-title elementor-size-default\">Your next car is waiting for you<\/h2>\t\t\t\t<\/div>\n\t\t\t\t<\/div>\n\t\t\t\t<div class=\"elementor-element elementor-element-152134b elementor-widget elementor-widget-text-editor\" data-id=\"152134b\" data-element_type=\"widget\" data-e-type=\"widget\" data-widget_type=\"text-editor.default\">\n\t\t\t\t<div class=\"elementor-widget-container\">\n\t\t\t\t\t\t\t\t\t<p>At <strong data-start=\"25\" data-end=\"51\">M&amp;M CARS San Fulgencio,<\/strong> we are a company dedicated to the sale and comprehensive management of vehicles, offering personalized and professional service. We have a wide range of cars and commercial vans, as well as the option of custom vehicles to meet your specific needs.<\/p><p>We would be delighted to help you find the perfect car for you!<\/p>\t\t\t\t\t\t\t\t<\/div>\n\t\t\t\t<\/div>\n\t\t\t\t<\/div>\n\t\t<div class=\"elementor-element elementor-element-41d81a9 e-con-full e-flex e-con e-child\" data-id=\"41d81a9\" data-element_type=\"container\" data-e-type=\"container\">\n\t\t\t\t<div class=\"elementor-element elementor-element-7d1b8a5 elementor-widget elementor-widget-image\" data-id=\"7d1b8a5\" data-element_type=\"widget\" data-e-type=\"widget\" data-widget_type=\"image.default\">\n\t\t\t\t<div class=\"elementor-widget-container\">\n\t\t\t\t\t\t\t\t\t\t\t\t\t\t\t<img fetchpriority=\"high\" decoding=\"async\" width=\"800\" height=\"600\" src=\"https:\/\/mmcarssanfulgencio.es\/wp-content\/uploads\/2025\/02\/WhatsApp-Image-2025-02-11-at-00.35.13-1-1024x768.jpeg\" class=\"attachment-large size-large wp-image-180\" alt=\"\" srcset=\"https:\/\/mmcarssanfulgencio.es\/wp-content\/uploads\/2025\/02\/WhatsApp-Image-2025-02-11-at-00.35.13-1-1024x768.jpeg 1024w, https:\/\/mmcarssanfulgencio.es\/wp-content\/uploads\/2025\/02\/WhatsApp-Image-2025-02-11-at-00.35.13-1-300x225.jpeg 300w, https:\/\/mmcarssanfulgencio.es\/wp-content\/uploads\/2025\/02\/WhatsApp-Image-2025-02-11-at-00.35.13-1-768x576.jpeg 768w, https:\/\/mmcarssanfulgencio.es\/wp-content\/uploads\/2025\/02\/WhatsApp-Image-2025-02-11-at-00.35.13-1-1536x1152.jpeg 1536w, https:\/\/mmcarssanfulgencio.es\/wp-content\/uploads\/2025\/02\/WhatsApp-Image-2025-02-11-at-00.35.13-1-16x12.jpeg 16w, https:\/\/mmcarssanfulgencio.es\/wp-content\/uploads\/2025\/02\/WhatsApp-Image-2025-02-11-at-00.35.13-1.jpeg 1600w\" sizes=\"(max-width: 800px) 100vw, 800px\" \/>\t\t\t\t\t\t\t\t\t\t\t\t\t\t\t<\/div>\n\t\t\t\t<\/div>\n\t\t\t\t<\/div>\n\t\t\t\t\t<\/div>\n\t\t\t\t<\/div>\n\t\t<div class=\"elementor-element elementor-element-2da7d14 e-flex e-con-boxed e-con e-parent\" data-id=\"2da7d14\" data-element_type=\"container\" data-e-type=\"container\">\n\t\t\t\t\t<div class=\"e-con-inner\">\n\t\t<div class=\"elementor-element elementor-element-9bbfce0 e-con-full e-flex e-con e-child\" data-id=\"9bbfce0\" data-element_type=\"container\" data-e-type=\"container\" data-settings=\"{&quot;background_background&quot;:&quot;classic&quot;}\">\n\t\t\t\t<div class=\"elementor-element elementor-element-3606e90 elementor-widget elementor-widget-heading\" data-id=\"3606e90\" data-element_type=\"widget\" data-e-type=\"widget\" data-widget_type=\"heading.default\">\n\t\t\t\t<div class=\"elementor-widget-container\">\n\t\t\t\t\t<h2 class=\"elementor-heading-title elementor-size-default\">We specialize in vehicle registrations, imports, buying and selling vehicles, and all types of automotive services to make every process easier for you.<\/h2>\t\t\t\t<\/div>\n\t\t\t\t<\/div>\n\t\t\t\t<div class=\"elementor-element elementor-element-befd072 elementor-widget elementor-widget-image\" data-id=\"befd072\" data-element_type=\"widget\" data-e-type=\"widget\" data-widget_type=\"image.default\">\n\t\t\t\t<div class=\"elementor-widget-container\">\n\t\t\t\t\t\t\t\t\t\t\t\t\t\t\t<img decoding=\"async\" width=\"558\" height=\"73\" src=\"https:\/\/mmcarssanfulgencio.es\/wp-content\/uploads\/2025\/02\/Bandeiras-mimoun.jpg\" class=\"attachment-large size-large wp-image-655\" alt=\"\" srcset=\"https:\/\/mmcarssanfulgencio.es\/wp-content\/uploads\/2025\/02\/Bandeiras-mimoun.jpg 558w, https:\/\/mmcarssanfulgencio.es\/wp-content\/uploads\/2025\/02\/Bandeiras-mimoun-300x39.jpg 300w, https:\/\/mmcarssanfulgencio.es\/wp-content\/uploads\/2025\/02\/Bandeiras-mimoun-18x2.jpg 18w\" sizes=\"(max-width: 558px) 100vw, 558px\" \/>\t\t\t\t\t\t\t\t\t\t\t\t\t\t\t<\/div>\n\t\t\t\t<\/div>\n\t\t\t\t<div class=\"elementor-element elementor-element-5c949c9 elementor-widget elementor-widget-heading\" data-id=\"5c949c9\" data-element_type=\"widget\" data-e-type=\"widget\" data-widget_type=\"heading.default\">\n\t\t\t\t<div class=\"elementor-widget-container\">\n\t\t\t\t\t<h2 class=\"elementor-heading-title elementor-size-default\">Pre-ITV, M&amp;M CARS makes it easy for you!<\/h2>\t\t\t\t<\/div>\n\t\t\t\t<\/div>\n\t\t\t\t<\/div>\n\t\t<div class=\"elementor-element elementor-element-dc135b5 e-con-full e-flex e-con e-child\" data-id=\"dc135b5\" data-element_type=\"container\" data-e-type=\"container\" data-settings=\"{&quot;background_background&quot;:&quot;classic&quot;}\">\n\t\t\t\t<div class=\"elementor-element elementor-element-3c216c8 e-transform elementor-widget elementor-widget-image\" data-id=\"3c216c8\" data-element_type=\"widget\" data-e-type=\"widget\" data-settings=\"{&quot;_transform_rotateZ_effect_hover&quot;:{&quot;unit&quot;:&quot;px&quot;,&quot;size&quot;:45,&quot;sizes&quot;:[]},&quot;_transform_rotateZ_effect_hover_tablet&quot;:{&quot;unit&quot;:&quot;deg&quot;,&quot;size&quot;:&quot;&quot;,&quot;sizes&quot;:[]},&quot;_transform_rotateZ_effect_hover_mobile&quot;:{&quot;unit&quot;:&quot;deg&quot;,&quot;size&quot;:&quot;&quot;,&quot;sizes&quot;:[]}}\" data-widget_type=\"image.default\">\n\t\t\t\t<div class=\"elementor-widget-container\">\n\t\t\t\t\t\t\t\t\t\t\t\t\t\t\t\t<a href=\"https:\/\/mmcarssanfulgencio.es\/index.php\/contacto\/\">\n\t\t\t\t\t\t\t<img decoding=\"async\" width=\"300\" height=\"300\" src=\"https:\/\/mmcarssanfulgencio.es\/wp-content\/uploads\/2025\/02\/MM-Cars-5-300x300.png\" class=\"attachment-medium size-medium wp-image-216\" alt=\"\" srcset=\"https:\/\/mmcarssanfulgencio.es\/wp-content\/uploads\/2025\/02\/MM-Cars-5-300x300.png 300w, https:\/\/mmcarssanfulgencio.es\/wp-content\/uploads\/2025\/02\/MM-Cars-5-150x150.png 150w, https:\/\/mmcarssanfulgencio.es\/wp-content\/uploads\/2025\/02\/MM-Cars-5-12x12.png 12w, https:\/\/mmcarssanfulgencio.es\/wp-content\/uploads\/2025\/02\/MM-Cars-5.png 500w\" sizes=\"(max-width: 300px) 100vw, 300px\" \/>\t\t\t\t\t\t\t\t<\/a>\n\t\t\t\t\t\t\t\t\t\t\t\t\t\t\t<\/div>\n\t\t\t\t<\/div>\n\t\t\t\t<div class=\"elementor-element elementor-element-0b002e9 elementor-widget elementor-widget-heading\" data-id=\"0b002e9\" data-element_type=\"widget\" data-e-type=\"widget\" data-widget_type=\"heading.default\">\n\t\t\t\t<div class=\"elementor-widget-container\">\n\t\t\t\t\t<h2 class=\"elementor-heading-title elementor-size-default\">Contact us, we're ready to assist you! <\/h2>\t\t\t\t<\/div>\n\t\t\t\t<\/div>\n\t\t\t\t<\/div>\n\t\t\t\t\t<\/div>\n\t\t\t\t<\/div>\n\t\t<div class=\"elementor-element elementor-element-5db95af e-con-full e-flex e-con e-parent\" data-id=\"5db95af\" data-element_type=\"container\" data-e-type=\"container\">\n\t\t\t\t<div class=\"elementor-element elementor-element-ab06748 elementor-cta--skin-cover elementor-animated-content elementor-bg-transform elementor-bg-transform-zoom-in elementor-widget elementor-widget-call-to-action\" data-id=\"ab06748\" data-element_type=\"widget\" data-e-type=\"widget\" data-widget_type=\"call-to-action.default\">\n\t\t\t\t<div class=\"elementor-widget-container\">\n\t\t\t\t\t\t\t<div class=\"elementor-cta\">\n\t\t\t\t\t<div class=\"elementor-cta__bg-wrapper\">\n\t\t\t\t<div class=\"elementor-cta__bg elementor-bg\" style=\"background-image: url(https:\/\/mmcarssanfulgencio.es\/wp-content\/uploads\/2025\/02\/18966.jpg);\" role=\"img\" aria-label=\"18966\"><\/div>\n\t\t\t\t<div class=\"elementor-cta__bg-overlay\"><\/div>\n\t\t\t<\/div>\n\t\t\t\t\t\t\t<div class=\"elementor-cta__content\">\n\t\t\t\t\n\t\t\t\t\t\t\t\t\t<h2 class=\"elementor-cta__title elementor-cta__content-item elementor-content-item elementor-animated-item--grow\">\n\t\t\t\t\t\tBuy with confidence\t\t\t\t\t<\/h2>\n\t\t\t\t\n\t\t\t\t\t\t\t\t\t<div class=\"elementor-cta__description elementor-cta__content-item elementor-content-item elementor-animated-item--grow\">\n\t\t\t\t\t\tFind the perfect vehicle for you \t\t\t\t\t<\/div>\n\t\t\t\t\n\t\t\t\t\t\t\t\t\t<div class=\"elementor-cta__button-wrapper elementor-cta__content-item elementor-content-item elementor-animated-item--grow\">\n\t\t\t\t\t<a class=\"elementor-cta__button elementor-button elementor-size-\" href=\"https:\/\/mmcarssanfulgencio.es\/index.php\/servicios\/\">\n\t\t\t\t\t\tServices\t\t\t\t\t<\/a>\n\t\t\t\t\t<\/div>\n\t\t\t\t\t\t\t<\/div>\n\t\t\t\t\t\t<\/div>\n\t\t\t\t\t\t<\/div>\n\t\t\t\t<\/div>\n\t\t\t\t<\/div>\n\t\t<div class=\"elementor-element elementor-element-dd62ae6 e-flex e-con-boxed e-con e-parent\" data-id=\"dd62ae6\" data-element_type=\"container\" data-e-type=\"container\">\n\t\t\t\t\t<div class=\"e-con-inner\">\n\t\t\t\t\t<\/div>\n\t\t\t\t<\/div>\n\t\t\t\t<\/div>","protected":false},"excerpt":{"rendered":"<p>Bienvenidos a M&amp;M CARS San Fulgencio Renueva tu coche hoy Compra con confianza Sobre Nosotros Tu pr\u00f3ximo coche te espera En M&amp;M CARS San Fulgencio somos una empresa dedicada a la venta y gesti\u00f3n integral de veh\u00edculos, ofreciendo un servicio personalizado y profesional. Contamos con una amplia gama de turismos y furgonetas industriales, as\u00ed como [&hellip;]<\/p>\n","protected":false},"author":1,"featured_media":0,"parent":0,"menu_order":0,"comment_status":"closed","ping_status":"closed","template":"elementor_canvas","meta":{"footnotes":""},"class_list":["post-83","page","type-page","status-publish","hentry"],"yoast_head":"<!-- This site is optimized with the Yoast SEO plugin v27.4 - https:\/\/yoast.com\/product\/yoast-seo-wordpress\/ -->\n<title>Inicio - MMCars San Fulgencio<\/title>\n<meta name=\"robots\" content=\"index, follow, max-snippet:-1, max-image-preview:large, max-video-preview:-1\" \/>\n<link rel=\"canonical\" href=\"https:\/\/mmcarssanfulgencio.es\/en\/\" \/>\n<meta property=\"og:locale\" content=\"en_GB\" \/>\n<meta property=\"og:type\" content=\"article\" \/>\n<meta property=\"og:title\" content=\"Inicio - MMCars San Fulgencio\" \/>\n<meta property=\"og:description\" content=\"Bienvenidos a M&amp;M CARS San Fulgencio Renueva tu coche hoy Compra con confianza Sobre Nosotros Tu pr\u00f3ximo coche te espera En M&amp;M CARS San Fulgencio somos una empresa dedicada a la venta y gesti\u00f3n integral de veh\u00edculos, ofreciendo un servicio personalizado y profesional. Contamos con una amplia gama de turismos y furgonetas industriales, as\u00ed como [&hellip;]\" \/>\n<meta property=\"og:url\" content=\"https:\/\/mmcarssanfulgencio.es\/en\/\" \/>\n<meta property=\"og:site_name\" content=\"MMCars San Fulgencio\" \/>\n<meta property=\"article:modified_time\" content=\"2025-02-26T14:19:30+00:00\" \/>\n<meta property=\"og:image\" content=\"https:\/\/mmcarssanfulgencio.es\/wp-content\/uploads\/2025\/02\/WhatsApp-Image-2025-02-11-at-00.35.13-1.jpeg\" \/>\n\t<meta property=\"og:image:width\" content=\"1600\" \/>\n\t<meta property=\"og:image:height\" content=\"1200\" \/>\n\t<meta property=\"og:image:type\" content=\"image\/jpeg\" \/>\n<meta name=\"twitter:card\" content=\"summary_large_image\" \/>\n<meta name=\"twitter:label1\" content=\"Estimated reading time\" \/>\n\t<meta name=\"twitter:data1\" content=\"2 minutes\" \/>\n<script type=\"application\/ld+json\" class=\"yoast-schema-graph\">{\"@context\":\"https:\\\/\\\/schema.org\",\"@graph\":[{\"@type\":\"WebPage\",\"@id\":\"https:\\\/\\\/mmcarssanfulgencio.es\\\/\",\"url\":\"https:\\\/\\\/mmcarssanfulgencio.es\\\/\",\"name\":\"Inicio - MMCars San Fulgencio\",\"isPartOf\":{\"@id\":\"https:\\\/\\\/mmcarssanfulgencio.es\\\/#website\"},\"primaryImageOfPage\":{\"@id\":\"https:\\\/\\\/mmcarssanfulgencio.es\\\/#primaryimage\"},\"image\":{\"@id\":\"https:\\\/\\\/mmcarssanfulgencio.es\\\/#primaryimage\"},\"thumbnailUrl\":\"https:\\\/\\\/mmcarssanfulgencio.es\\\/wp-content\\\/uploads\\\/2025\\\/02\\\/WhatsApp-Image-2025-02-11-at-00.35.13-1-1024x768.jpeg\",\"datePublished\":\"2025-02-13T13:45:21+00:00\",\"dateModified\":\"2025-02-26T14:19:30+00:00\",\"breadcrumb\":{\"@id\":\"https:\\\/\\\/mmcarssanfulgencio.es\\\/#breadcrumb\"},\"inLanguage\":\"en-GB\",\"potentialAction\":[{\"@type\":\"ReadAction\",\"target\":[\"https:\\\/\\\/mmcarssanfulgencio.es\\\/\"]}]},{\"@type\":\"ImageObject\",\"inLanguage\":\"en-GB\",\"@id\":\"https:\\\/\\\/mmcarssanfulgencio.es\\\/#primaryimage\",\"url\":\"https:\\\/\\\/mmcarssanfulgencio.es\\\/wp-content\\\/uploads\\\/2025\\\/02\\\/WhatsApp-Image-2025-02-11-at-00.35.13-1-1024x768.jpeg\",\"contentUrl\":\"https:\\\/\\\/mmcarssanfulgencio.es\\\/wp-content\\\/uploads\\\/2025\\\/02\\\/WhatsApp-Image-2025-02-11-at-00.35.13-1-1024x768.jpeg\"},{\"@type\":\"BreadcrumbList\",\"@id\":\"https:\\\/\\\/mmcarssanfulgencio.es\\\/#breadcrumb\",\"itemListElement\":[{\"@type\":\"ListItem\",\"position\":1,\"name\":\"Portada\",\"item\":\"https:\\\/\\\/mmcarssanfulgencio.es\\\/\"},{\"@type\":\"ListItem\",\"position\":2,\"name\":\"Inicio\"}]},{\"@type\":\"WebSite\",\"@id\":\"https:\\\/\\\/mmcarssanfulgencio.es\\\/#website\",\"url\":\"https:\\\/\\\/mmcarssanfulgencio.es\\\/\",\"name\":\"MMCars San Fulgencio\",\"description\":\"Compra venta de veh\u00edculos\",\"publisher\":{\"@id\":\"https:\\\/\\\/mmcarssanfulgencio.es\\\/#organization\"},\"potentialAction\":[{\"@type\":\"SearchAction\",\"target\":{\"@type\":\"EntryPoint\",\"urlTemplate\":\"https:\\\/\\\/mmcarssanfulgencio.es\\\/?s={search_term_string}\"},\"query-input\":{\"@type\":\"PropertyValueSpecification\",\"valueRequired\":true,\"valueName\":\"search_term_string\"}}],\"inLanguage\":\"en-GB\"},{\"@type\":\"Organization\",\"@id\":\"https:\\\/\\\/mmcarssanfulgencio.es\\\/#organization\",\"name\":\"MMCars San Fulgencio\",\"url\":\"https:\\\/\\\/mmcarssanfulgencio.es\\\/\",\"logo\":{\"@type\":\"ImageObject\",\"inLanguage\":\"en-GB\",\"@id\":\"https:\\\/\\\/mmcarssanfulgencio.es\\\/#\\\/schema\\\/logo\\\/image\\\/\",\"url\":\"https:\\\/\\\/mmcarssanfulgencio.es\\\/wp-content\\\/uploads\\\/2025\\\/02\\\/cropped-MM-Cars-3.png\",\"contentUrl\":\"https:\\\/\\\/mmcarssanfulgencio.es\\\/wp-content\\\/uploads\\\/2025\\\/02\\\/cropped-MM-Cars-3.png\",\"width\":500,\"height\":152,\"caption\":\"MMCars San Fulgencio\"},\"image\":{\"@id\":\"https:\\\/\\\/mmcarssanfulgencio.es\\\/#\\\/schema\\\/logo\\\/image\\\/\"}}]}<\/script>\n<!-- \/ Yoast SEO plugin. -->","yoast_head_json":{"title":"Inicio - MMCars San Fulgencio","robots":{"index":"index","follow":"follow","max-snippet":"max-snippet:-1","max-image-preview":"max-image-preview:large","max-video-preview":"max-video-preview:-1"},"canonical":"https:\/\/mmcarssanfulgencio.es\/en\/","og_locale":"en_GB","og_type":"article","og_title":"Inicio - MMCars San Fulgencio","og_description":"Bienvenidos a M&amp;M CARS San Fulgencio Renueva tu coche hoy Compra con confianza Sobre Nosotros Tu pr\u00f3ximo coche te espera En M&amp;M CARS San Fulgencio somos una empresa dedicada a la venta y gesti\u00f3n integral de veh\u00edculos, ofreciendo un servicio personalizado y profesional. Contamos con una amplia gama de turismos y furgonetas industriales, as\u00ed como [&hellip;]","og_url":"https:\/\/mmcarssanfulgencio.es\/en\/","og_site_name":"MMCars San Fulgencio","article_modified_time":"2025-02-26T14:19:30+00:00","og_image":[{"width":1600,"height":1200,"url":"https:\/\/mmcarssanfulgencio.es\/wp-content\/uploads\/2025\/02\/WhatsApp-Image-2025-02-11-at-00.35.13-1.jpeg","type":"image\/jpeg"}],"twitter_card":"summary_large_image","twitter_misc":{"Estimated reading time":"2 minutes"},"schema":{"@context":"https:\/\/schema.org","@graph":[{"@type":"WebPage","@id":"https:\/\/mmcarssanfulgencio.es\/","url":"https:\/\/mmcarssanfulgencio.es\/","name":"Inicio - MMCars San Fulgencio","isPartOf":{"@id":"https:\/\/mmcarssanfulgencio.es\/#website"},"primaryImageOfPage":{"@id":"https:\/\/mmcarssanfulgencio.es\/#primaryimage"},"image":{"@id":"https:\/\/mmcarssanfulgencio.es\/#primaryimage"},"thumbnailUrl":"https:\/\/mmcarssanfulgencio.es\/wp-content\/uploads\/2025\/02\/WhatsApp-Image-2025-02-11-at-00.35.13-1-1024x768.jpeg","datePublished":"2025-02-13T13:45:21+00:00","dateModified":"2025-02-26T14:19:30+00:00","breadcrumb":{"@id":"https:\/\/mmcarssanfulgencio.es\/#breadcrumb"},"inLanguage":"en-GB","potentialAction":[{"@type":"ReadAction","target":["https:\/\/mmcarssanfulgencio.es\/"]}]},{"@type":"ImageObject","inLanguage":"en-GB","@id":"https:\/\/mmcarssanfulgencio.es\/#primaryimage","url":"https:\/\/mmcarssanfulgencio.es\/wp-content\/uploads\/2025\/02\/WhatsApp-Image-2025-02-11-at-00.35.13-1-1024x768.jpeg","contentUrl":"https:\/\/mmcarssanfulgencio.es\/wp-content\/uploads\/2025\/02\/WhatsApp-Image-2025-02-11-at-00.35.13-1-1024x768.jpeg"},{"@type":"BreadcrumbList","@id":"https:\/\/mmcarssanfulgencio.es\/#breadcrumb","itemListElement":[{"@type":"ListItem","position":1,"name":"Portada","item":"https:\/\/mmcarssanfulgencio.es\/"},{"@type":"ListItem","position":2,"name":"Inicio"}]},{"@type":"WebSite","@id":"https:\/\/mmcarssanfulgencio.es\/#website","url":"https:\/\/mmcarssanfulgencio.es\/","name":"MMCars San Fulgencio","description":"Compra venta de veh\u00edculos","publisher":{"@id":"https:\/\/mmcarssanfulgencio.es\/#organization"},"potentialAction":[{"@type":"SearchAction","target":{"@type":"EntryPoint","urlTemplate":"https:\/\/mmcarssanfulgencio.es\/?s={search_term_string}"},"query-input":{"@type":"PropertyValueSpecification","valueRequired":true,"valueName":"search_term_string"}}],"inLanguage":"en-GB"},{"@type":"Organization","@id":"https:\/\/mmcarssanfulgencio.es\/#organization","name":"MMCars San Fulgencio","url":"https:\/\/mmcarssanfulgencio.es\/","logo":{"@type":"ImageObject","inLanguage":"en-GB","@id":"https:\/\/mmcarssanfulgencio.es\/#\/schema\/logo\/image\/","url":"https:\/\/mmcarssanfulgencio.es\/wp-content\/uploads\/2025\/02\/cropped-MM-Cars-3.png","contentUrl":"https:\/\/mmcarssanfulgencio.es\/wp-content\/uploads\/2025\/02\/cropped-MM-Cars-3.png","width":500,"height":152,"caption":"MMCars San Fulgencio"},"image":{"@id":"https:\/\/mmcarssanfulgencio.es\/#\/schema\/logo\/image\/"}}]}},"_links":{"self":[{"href":"https:\/\/mmcarssanfulgencio.es\/en\/wp-json\/wp\/v2\/pages\/83","targetHints":{"allow":["GET"]}}],"collection":[{"href":"https:\/\/mmcarssanfulgencio.es\/en\/wp-json\/wp\/v2\/pages"}],"about":[{"href":"https:\/\/mmcarssanfulgencio.es\/en\/wp-json\/wp\/v2\/types\/page"}],"author":[{"embeddable":true,"href":"https:\/\/mmcarssanfulgencio.es\/en\/wp-json\/wp\/v2\/users\/1"}],"replies":[{"embeddable":true,"href":"https:\/\/mmcarssanfulgencio.es\/en\/wp-json\/wp\/v2\/comments?post=83"}],"version-history":[{"count":172,"href":"https:\/\/mmcarssanfulgencio.es\/en\/wp-json\/wp\/v2\/pages\/83\/revisions"}],"predecessor-version":[{"id":660,"href":"https:\/\/mmcarssanfulgencio.es\/en\/wp-json\/wp\/v2\/pages\/83\/revisions\/660"}],"wp:attachment":[{"href":"https:\/\/mmcarssanfulgencio.es\/en\/wp-json\/wp\/v2\/media?parent=83"}],"curies":[{"name":"wp","href":"https:\/\/api.w.org\/{rel}","templated":true}]}}